{"id":754,"date":"2016-07-29T12:11:55","date_gmt":"2016-07-29T10:11:55","guid":{"rendered":"https:\/\/www.hotelantea.it\/pagina-di-esempio\/"},"modified":"2020-02-11T09:58:34","modified_gmt":"2020-02-11T08:58:34","slug":"pagina-di-esempio","status":"publish","type":"page","link":"https:\/\/www.hotelantea.it\/de\/","title":{"rendered":"Dreisternehotel am see mit schwimmbecken in Pinarella di Cervia"},"content":{"rendered":"<h2>Willkommen bei dem hotel antea nur wenige schritte von dem pinienwald entfernt<\/h2>\n<p>Das Hotel Antea hat 44 Zimmer und befindet sich in Pinarella di Cervia, ein eindrucksvoller Ort in Romagna, eine wunderbaren Gegend von der adriatischen K\u00fcste mit einem Litoral von 10 km von feinem Sand und flachen Wassertiefen. Ringsherum gibt es ein jahrhundertealter Pinienwald von 24 Hektaren. <strong>Das Hotel hat den Parkplatz und es gibt den Service von Baby Club<\/strong>. Die St\u00e4rke des Hotels Antea ist die Professionalit\u00e4t von den neuen Betreibern, Raffaele und Loredana, die in diesem Bereich seit 26 Jahren mit Hingabe arbeiten. Sie geben Ihnen einen alles einschlie\u03b2lich Open Bar Service beispiellos.<\/p>\n<p><strong>Animation<\/strong>. Jeden Tag viele neuen und am\u00fcsanten Aktivit\u00e4ten mit sympathischen Animateuren. Animation f\u00fcr die Erwachsenen und die Kinder, Baby und Junior Club und noch etwas anderes.<\/p>\n<p><strong>Vergn\u00fcgungsparks<\/strong>. Viele Vergn\u00fcgungsparks in Romagna. Unser Hotel befindet sich nah an dem Park von Mirabilandia. Andere Parks in unmittelbarer N\u00e4he.<\/p>\n<p><strong>Gebiet<\/strong>. W\u00e4hrend Ihres Aufenthalts k\u00f6nnen Sie die pittoresken Orte von dem Hinterland von Romagna besuchen: Santarcangelo, Longiano, Montiano, Brisighella, Castrocaro Terme, Bertinoro, Predappio. Sie k\u00f6nnen auch einen Spaziergang nach Milano Marittima, Ravenna oder Cesena machen.<\/p>\n","protected":false},"excerpt":{"rendered":"<p>Willkommen bei dem hotel antea nur wenige schritte von dem pinienwald entfernt Das Hotel Antea hat 44 Zimmer und befindet sich in Pinarella di Cervia, ein eindrucksvoller Ort in Romagna, eine wunderbaren Gegend von der adriatischen K\u00fcste mit einem Litoral von 10 km von feinem Sand und flachen Wassertiefen. Ringsherum gibt es ein jahrhundertealter Pinienwald von 24 Hektaren. Das Hotel hat den Parkplatz und es gibt den Service von Baby &#8230;<\/p>\n","protected":false},"author":1,"featured_media":0,"parent":0,"menu_order":0,"comment_status":"closed","ping_status":"open","template":"","meta":{"_acf_changed":false},"class_list":["post-754","page","type-page","status-publish","hentry"],"acf":[],"_links":{"self":[{"href":"https:\/\/www.hotelantea.it\/de\/wp-json\/wp\/v2\/pages\/754","targetHints":{"allow":["GET"]}}],"collection":[{"href":"https:\/\/www.hotelantea.it\/de\/wp-json\/wp\/v2\/pages"}],"about":[{"href":"https:\/\/www.hotelantea.it\/de\/wp-json\/wp\/v2\/types\/page"}],"author":[{"embeddable":true,"href":"https:\/\/www.hotelantea.it\/de\/wp-json\/wp\/v2\/users\/1"}],"replies":[{"embeddable":true,"href":"https:\/\/www.hotelantea.it\/de\/wp-json\/wp\/v2\/comments?post=754"}],"version-history":[{"count":0,"href":"https:\/\/www.hotelantea.it\/de\/wp-json\/wp\/v2\/pages\/754\/revisions"}],"wp:attachment":[{"href":"https:\/\/www.hotelantea.it\/de\/wp-json\/wp\/v2\/media?parent=754"}],"curies":[{"name":"wp","href":"https:\/\/api.w.org\/{rel}","templated":true}]}}