{"id":762,"date":"2019-12-19T11:23:29","date_gmt":"2019-12-19T10:23:29","guid":{"rendered":"https:\/\/www.hotelantea.it\/listino-all-inclusive\/"},"modified":"2020-01-31T12:34:30","modified_gmt":"2020-01-31T11:34:30","slug":"preisliste","status":"publish","type":"page","link":"https:\/\/www.hotelantea.it\/de\/preisliste\/","title":{"rendered":"Preisliste alles einschlie\u03b2lich open bar"},"content":{"rendered":"<h3>ANGEBOTE<\/h3>\n<ul>\n<li><strong>Von 01\/06 bis 15-06-2019 eine Woche \u20ac 690,00 f\u00fcr 2 Erwachsene und 1 Kind <\/strong><\/li>\n<li><strong>eine Woche \u20ac 790,00 f\u00fcr 2 Erwachsene und 2 Kinder<\/strong> (F\u00f6rderndes Angebot kann nicht mit anderen Rabatten kombinierbar)<\/li>\n<li><strong>Von 27-07 bis 10-08 zwei Kinder Kostenlos in einem Zimmer mit 2 Erwachsenen<\/strong> (bis zu 14 Jahren)<\/li>\n<li><strong>Von 31\/08 bis 08-09 zwei Kinder Kostenlos in einem Zimmer mit 2 Erwachsenen<\/strong> (bis zu 14 Jahren)<\/li>\n<\/ul>\n<h3>In allen Zeiten:<\/h3>\n<ul>\n<li>Das erste Kind bis zu 7 Jahren kostenlos <strong>in einem Zimmer mit 2 Erwachsenen<\/strong>. Von 7 Jahren <strong>Preisnachlass von 50%<\/strong><\/li>\n<li>Wenn Sie 2 Kinder haben, <strong>das erste ist immer kostenlos<\/strong> und das zweite bezahlt halben Preis ( bis zu 14 Jahren) <strong>in einem Zimmer mit 2 Erwachsenen<\/strong><\/li>\n<li>1 Erwachsene und 2 Kinder bezahlen 2 Quoten<\/li>\n<li>1 Erwachsene und 1 Kind bezahlen 1 Quote und halb<\/li>\n<li>4 Erwachsenen bezahlen nur 3 Quoten<\/li>\n<\/ul>\n<h3>Familienplan:<\/h3>\n<ul>\n<li>6 oder 5 Personen in <strong>Family room<\/strong> (verbundene R\u00e4ume mit gemeinsamem Bad)<strong> bezahlen nur 3 Quoten und halb ohne Altergrenzen<\/strong><\/li>\n<li>In einem Zimmer mit <strong>3 Erwachsenen hat das dritte Bett einen Preisnachlass von 20%<\/strong><\/li>\n<li>Halbpension (Fr\u00fchst\u00fcck und Abendessen)- \u20ac 5,00 f\u00fcr Person f\u00fcr Tag. (g\u00fcltig nur auf dem vollen Preis und nicht auf herabgesetzten und Promotionspreisen<\/li>\n<li><strong>Den ganzen Sommer \u00fcber &#8211; 10%<\/strong> in Sky und Easy Zimmer ab dem 15. Juni 2019<\/li>\n<li><strong>Sonderpreis f\u00fcr Paare &#8211; 10%<\/strong> in allen Zeitr\u00e4umen ab dem 15. Juni 2019<\/li>\n<\/ul>\n<p><strong>Wir akzeptieren nur diese Zahlungsbedingungen<\/strong>: Bancomat, Maestro, Visa, Postepay, Bank\u00fcberweisung, Bar<\/p>\n","protected":false},"excerpt":{"rendered":"<p>ANGEBOTE Von 01\/06 bis 15-06-2019 eine Woche \u20ac 690,00 f\u00fcr 2 Erwachsene und 1 Kind eine Woche \u20ac 790,00 f\u00fcr 2 Erwachsene und 2 Kinder (F\u00f6rderndes Angebot kann nicht mit anderen Rabatten kombinierbar) Von 27-07 bis 10-08 zwei Kinder Kostenlos in einem Zimmer mit 2 Erwachsenen (bis zu 14 Jahren) Von 31\/08 bis 08-09 zwei Kinder Kostenlos in einem Zimmer mit 2 Erwachsenen (bis zu 14 Jahren) In allen Zeiten: &#8230;<\/p>\n","protected":false},"author":1,"featured_media":0,"parent":0,"menu_order":0,"comment_status":"closed","ping_status":"closed","template":"","meta":{"_acf_changed":false},"class_list":["post-762","page","type-page","status-publish","hentry"],"acf":[],"_links":{"self":[{"href":"https:\/\/www.hotelantea.it\/de\/wp-json\/wp\/v2\/pages\/762","targetHints":{"allow":["GET"]}}],"collection":[{"href":"https:\/\/www.hotelantea.it\/de\/wp-json\/wp\/v2\/pages"}],"about":[{"href":"https:\/\/www.hotelantea.it\/de\/wp-json\/wp\/v2\/types\/page"}],"author":[{"embeddable":true,"href":"https:\/\/www.hotelantea.it\/de\/wp-json\/wp\/v2\/users\/1"}],"replies":[{"embeddable":true,"href":"https:\/\/www.hotelantea.it\/de\/wp-json\/wp\/v2\/comments?post=762"}],"version-history":[{"count":0,"href":"https:\/\/www.hotelantea.it\/de\/wp-json\/wp\/v2\/pages\/762\/revisions"}],"wp:attachment":[{"href":"https:\/\/www.hotelantea.it\/de\/wp-json\/wp\/v2\/media?parent=762"}],"curies":[{"name":"wp","href":"https:\/\/api.w.org\/{rel}","templated":true}]}}