{"id":841,"date":"2020-01-15T14:13:49","date_gmt":"2020-01-15T13:13:49","guid":{"rendered":"https:\/\/www.hotelantea.it\/camere\/"},"modified":"2020-01-31T11:02:11","modified_gmt":"2020-01-31T10:02:11","slug":"zimmer","status":"publish","type":"page","link":"https:\/\/www.hotelantea.it\/de\/zimmer\/","title":{"rendered":"Unsere zimmer"},"content":{"rendered":"<p>Die Holiday Room, Schlafzimmer haben Privatbad, Duschkabine, F\u00f6hn, TV, Safe, Balkon und Klimaanlage.<\/p>\n<p>Wir verf\u00fcgen \u00fcber besondere\u00a0<strong>Family Room\u00a0<\/strong>ideal f\u00fcr Familien mit 5 oder 6 Personen; das Family Room besteht aus zwei miteinander verbundenen Zimmern\u00a0mit Balkons\u00a0( ein Doppelzimmer und ein Vierbettzimmer mit Stockbett) , ein gemeinsamen Badezimmer und private Eing\u00e4nge.<\/p>\n<p>In allen ger\u00e4umigen Zimmer finden Sie frische W\u00e4sche. Schutzelemente f\u00fcr die\u00a0Betten stellen wir zur Verf\u00fcgung\u00a0f\u00fcr die Kindersicherheit; wir haben noch Wiegen, Waschwannen im Badezimmer, Verminderungselemente f\u00fcr WC.<\/p>\n","protected":false},"excerpt":{"rendered":"<p>Die Holiday Room, Schlafzimmer haben Privatbad, Duschkabine, F\u00f6hn, TV, Safe, Balkon und Klimaanlage. Wir verf\u00fcgen \u00fcber besondere\u00a0Family Room\u00a0ideal f\u00fcr Familien mit 5 oder 6 Personen; das Family Room besteht aus zwei miteinander verbundenen Zimmern\u00a0mit Balkons\u00a0( ein Doppelzimmer und ein Vierbettzimmer mit Stockbett) , ein gemeinsamen Badezimmer und private Eing\u00e4nge. In allen ger\u00e4umigen Zimmer finden Sie frische W\u00e4sche. Schutzelemente f\u00fcr die\u00a0Betten stellen wir zur Verf\u00fcgung\u00a0f\u00fcr die Kindersicherheit; wir haben noch Wiegen, &#8230;<\/p>\n","protected":false},"author":1,"featured_media":0,"parent":0,"menu_order":0,"comment_status":"closed","ping_status":"closed","template":"template\/template.camere.php","meta":{"_acf_changed":false},"class_list":["post-841","page","type-page","status-publish","hentry"],"acf":[],"_links":{"self":[{"href":"https:\/\/www.hotelantea.it\/de\/wp-json\/wp\/v2\/pages\/841","targetHints":{"allow":["GET"]}}],"collection":[{"href":"https:\/\/www.hotelantea.it\/de\/wp-json\/wp\/v2\/pages"}],"about":[{"href":"https:\/\/www.hotelantea.it\/de\/wp-json\/wp\/v2\/types\/page"}],"author":[{"embeddable":true,"href":"https:\/\/www.hotelantea.it\/de\/wp-json\/wp\/v2\/users\/1"}],"replies":[{"embeddable":true,"href":"https:\/\/www.hotelantea.it\/de\/wp-json\/wp\/v2\/comments?post=841"}],"version-history":[{"count":0,"href":"https:\/\/www.hotelantea.it\/de\/wp-json\/wp\/v2\/pages\/841\/revisions"}],"wp:attachment":[{"href":"https:\/\/www.hotelantea.it\/de\/wp-json\/wp\/v2\/media?parent=841"}],"curies":[{"name":"wp","href":"https:\/\/api.w.org\/{rel}","templated":true}]}}