{"id":880,"date":"2019-12-18T16:01:26","date_gmt":"2019-12-18T15:01:26","guid":{"rendered":"https:\/\/www.hotelantea.it\/all-inclusive\/"},"modified":"2021-08-18T17:53:11","modified_gmt":"2021-08-18T15:53:11","slug":"service","status":"publish","type":"page","link":"https:\/\/www.hotelantea.it\/de\/service\/","title":{"rendered":"Viele service f\u00fcr ihren besonderen aufenthalt"},"content":{"rendered":"<p>Alle Service, die wir hier unten aufz\u00e4hlen, sind in dem Preis einschlie\u03b2lich f\u00fcr einen Urlaub im Zeichen der Unbek\u00fcmmertheit. Das ist die Liste von den gegebenen Servicen.<br \/>\nImmer zu Ihrer Verf\u00fcgung am Caf\u00e9 des Hotels die Getr\u00e4nke vom Fass ins Glas und alle Getr\u00e4nke und Esswaren.<\/p>\n<ul>\n<li>Granita<\/li>\n<li>Pepsi Cola<\/li>\n<li>Orangeade<\/li>\n<li>Tee mit Zitrone<\/li>\n<li>Yoghurt<\/li>\n<li>Schweppes (Anregend<\/li>\n<li>Still und Sprudelwasser<\/li>\n<li>Kaffee<\/li>\n<li>Cappuccino<\/li>\n<li>Imbiss f\u00fcr Kinder<\/li>\n<li>Milch<\/li>\n<li>Tee<\/li>\n<li>Kamillentee<\/li>\n<li>Viele Typen von Aufguss<\/li>\n<li>Obst<\/li>\n<\/ul>\n<p><strong>Andere besondere Service:<\/strong><\/p>\n<ul>\n<li>Wi-Fi kostenlos<\/li>\n<li>Baby Club<\/li>\n<li>Parkplatz<\/li>\n<li>Privatstrand<\/li>\n<li>Warme Schwimmbecken mit direktem Zutritt aus dem Caf\u00e9<\/li>\n<\/ul>\n<p><strong>Das Fr\u00fchst\u00fcck:<\/strong>\u00a0warme und kalte Milch, Tee, Schokolade, Kaffee, Cappuccino, Obsts\u00e4fte, Yoghurt, frisches Obst, M\u00fcsli, Kellogs, Marmeladen, Honig, Schokolade, Butter, Geb\u00e4ck, Kr\u00e4nze, M\u00fcrbeteigkuchen, Plum-cake, Briosches, Aufschnitt, K\u00e4se, Eier, Brot, Zwieb\u00e4cke. Zu Ihrer Verf\u00fcgung haben wir einen Durchlaufstoaster um die verschiedenen Typen von Brot warm zu machen, eine Zentrifuge f\u00fcr frisches Gem\u00fcse, eine Maschine um die W\u00fcrstel zu kochen. Alles wird von 07.30 bis 09.30 bedient sein.<\/p>\n<p>Vor dem Mittagessen und dem Abendessen geben wir Ihnen einen alkoholfreien Aperitif mit Knabbereien. Sie werden immer am Caf\u00e9 und an der Rezeption bei Tag und Nacht Fachhotelpersonal finden um Ihre W\u00fcnsche \u00a0zu befriedigen. Zu Ihrer Verf\u00fcgung auch Magazine, Zeitungen und Fahrr\u00e4der.<\/p>\n<p><strong>Open Bar &#8211; <\/strong>Getr\u00e4nke immer kostenlos Tag und Nacht am Caf\u00e9 des Hotels.<\/p>\n<p><strong>Zimmer &#8211; <\/strong>Alle Zimmer gehen auf den Pinienwald und die See von Pinarella di Cervia.<\/p>\n<p><strong>Restaurant &#8211; <\/strong>Front Cooking Service mit besonderer Aufmerksamkeit f\u00fcr die Kinder.<br \/>\n<strong><br \/>\nSchwimmbecken &#8211; <\/strong>Schwimmbecken, Kinderbecken, Whirlpool. Alle warme mit Open Bar Service.<\/p>\n<p><strong>Privatstrand &#8211; <\/strong>Gegen\u00fcber dem Hotel.<\/p>\n<div id='gallery-1' class='gallery galleryid-880  gallery-size-medium'><div class='owl-carousel owl-carousel-multiple-carousel-style'\n\t\t\t\t\t\t\tdata-owl-navigation='true'\n\t\t\t\t\t\t\tdata-owl-slide-speed='300'\n\t\t\t\t\t\t\tdata-owl-autoplay='false'\n\t\t\t\t\t\t\tdata-owl-dots='false'\n\t\t\t\t\t\t\tdata-owl-dots-speed='300'\n\t\t\t\t\t\t\tdata-owl-items-xs='1'data-owl-items-sm='2'data-owl-items-md='3'data-owl-items-lg='3'data-owl-items-xl='3'\n\t\t\t\t\t\t><figure class='gallery-item'>\n\t\t\t\t<div class='gallery-icon landscape'>\n\t\t\t\t\t<a href='https:\/\/www.hotelantea.it\/wp-content\/uploads\/2019\/12\/Gallery-all-inclusive-01-Hotel-Antea-Cervia.jpg' data-size=\"1200x900\"><img loading=\"lazy\" decoding=\"async\" width=\"640\" height=\"420\" src=\"https:\/\/www.hotelantea.it\/wp-content\/uploads\/2019\/12\/Gallery-all-inclusive-01-Hotel-Antea-Cervia-640x420.jpg\" class=\"attachment-medium size-medium\" alt=\"\" \/><\/a>\n\t\t\t\t<\/div><\/figure><figure class='gallery-item'>\n\t\t\t\t<div class='gallery-icon landscape'>\n\t\t\t\t\t<a href='https:\/\/www.hotelantea.it\/wp-content\/uploads\/2019\/12\/Gallery-all-inclusive-02-Hotel-Antea-Cervia.jpg' data-size=\"1200x900\"><img loading=\"lazy\" decoding=\"async\" width=\"640\" height=\"420\" src=\"https:\/\/www.hotelantea.it\/wp-content\/uploads\/2019\/12\/Gallery-all-inclusive-02-Hotel-Antea-Cervia-640x420.jpg\" class=\"attachment-medium size-medium\" alt=\"\" \/><\/a>\n\t\t\t\t<\/div><\/figure><figure class='gallery-item'>\n\t\t\t\t<div class='gallery-icon landscape'>\n\t\t\t\t\t<a href='https:\/\/www.hotelantea.it\/wp-content\/uploads\/2019\/12\/Gallery-all-inclusive-03-Hotel-Antea-Cervia.jpg' data-size=\"1200x900\"><img loading=\"lazy\" decoding=\"async\" width=\"640\" height=\"420\" src=\"https:\/\/www.hotelantea.it\/wp-content\/uploads\/2019\/12\/Gallery-all-inclusive-03-Hotel-Antea-Cervia-640x420.jpg\" class=\"attachment-medium size-medium\" alt=\"\" \/><\/a>\n\t\t\t\t<\/div><\/figure><figure class='gallery-item'>\n\t\t\t\t<div class='gallery-icon landscape'>\n\t\t\t\t\t<a href='https:\/\/www.hotelantea.it\/wp-content\/uploads\/2019\/12\/Gallery-all-inclusive-05-Hotel-Antea-Cervia.jpg' data-size=\"1200x900\"><img loading=\"lazy\" decoding=\"async\" width=\"640\" height=\"420\" src=\"https:\/\/www.hotelantea.it\/wp-content\/uploads\/2019\/12\/Gallery-all-inclusive-05-Hotel-Antea-Cervia-640x420.jpg\" class=\"attachment-medium size-medium\" alt=\"\" \/><\/a>\n\t\t\t\t<\/div><\/figure><figure class='gallery-item'>\n\t\t\t\t<div class='gallery-icon landscape'>\n\t\t\t\t\t<a href='https:\/\/www.hotelantea.it\/wp-content\/uploads\/2019\/12\/Gallery-piscina-02-Hotel-Antea-Cervia.jpg' data-size=\"1200x900\"><img loading=\"lazy\" decoding=\"async\" width=\"640\" height=\"420\" src=\"https:\/\/www.hotelantea.it\/wp-content\/uploads\/2019\/12\/Gallery-piscina-02-Hotel-Antea-Cervia-640x420.jpg\" class=\"attachment-medium size-medium\" alt=\"\" \/><\/a>\n\t\t\t\t<\/div><\/figure><figure class='gallery-item'>\n\t\t\t\t<div class='gallery-icon landscape'>\n\t\t\t\t\t<a href='https:\/\/www.hotelantea.it\/wp-content\/uploads\/2019\/12\/Gallery-02-Hotel-Antea-Cervia.jpg' data-size=\"1200x900\"><img loading=\"lazy\" decoding=\"async\" width=\"640\" height=\"420\" src=\"https:\/\/www.hotelantea.it\/wp-content\/uploads\/2019\/12\/Gallery-02-Hotel-Antea-Cervia-640x420.jpg\" class=\"attachment-medium size-medium\" alt=\"\" \/><\/a>\n\t\t\t\t<\/div><\/figure><figure class='gallery-item'>\n\t\t\t\t<div class='gallery-icon landscape'>\n\t\t\t\t\t<a href='https:\/\/www.hotelantea.it\/wp-content\/uploads\/2019\/12\/Gallery-05-Hotel-Antea-Cervia.jpg' data-size=\"1200x900\"><img loading=\"lazy\" decoding=\"async\" width=\"640\" height=\"420\" src=\"https:\/\/www.hotelantea.it\/wp-content\/uploads\/2019\/12\/Gallery-05-Hotel-Antea-Cervia-640x420.jpg\" class=\"attachment-medium size-medium\" alt=\"\" \/><\/a>\n\t\t\t\t<\/div><\/figure><figure class='gallery-item'>\n\t\t\t\t<div class='gallery-icon landscape'>\n\t\t\t\t\t<a href='https:\/\/www.hotelantea.it\/wp-content\/uploads\/2019\/12\/Gallery-04-Hotel-Antea-Cervia.jpg' data-size=\"1200x900\"><img loading=\"lazy\" decoding=\"async\" width=\"640\" height=\"420\" src=\"https:\/\/www.hotelantea.it\/wp-content\/uploads\/2019\/12\/Gallery-04-Hotel-Antea-Cervia-640x420.jpg\" class=\"attachment-medium size-medium\" alt=\"\" \/><\/a>\n\t\t\t\t<\/div><\/figure><figure class='gallery-item'>\n\t\t\t\t<div class='gallery-icon landscape'>\n\t\t\t\t\t<a href='https:\/\/www.hotelantea.it\/wp-content\/uploads\/2019\/12\/Gallery-ristorante-02-Hotel-Antea-Cervia.jpg' data-size=\"1200x900\"><img loading=\"lazy\" decoding=\"async\" width=\"640\" height=\"420\" src=\"https:\/\/www.hotelantea.it\/wp-content\/uploads\/2019\/12\/Gallery-ristorante-02-Hotel-Antea-Cervia-640x420.jpg\" class=\"attachment-medium size-medium\" alt=\"\" \/><\/a>\n\t\t\t\t<\/div><\/figure><figure class='gallery-item'>\n\t\t\t\t<div class='gallery-icon landscape'>\n\t\t\t\t\t<a href='https:\/\/www.hotelantea.it\/wp-content\/uploads\/2019\/12\/Gallery-ristorante-01-Hotel-Antea-Cervia.jpg' data-size=\"1200x900\"><img loading=\"lazy\" decoding=\"async\" width=\"640\" height=\"420\" src=\"https:\/\/www.hotelantea.it\/wp-content\/uploads\/2019\/12\/Gallery-ristorante-01-Hotel-Antea-Cervia-640x420.jpg\" class=\"attachment-medium size-medium\" alt=\"\" \/><\/a>\n\t\t\t\t<\/div><\/figure>\n\t\t\t<\/div>\n<\/div>\n\n","protected":false},"excerpt":{"rendered":"<p>Alle Service, die wir hier unten aufz\u00e4hlen, sind in dem Preis einschlie\u03b2lich f\u00fcr einen Urlaub im Zeichen der Unbek\u00fcmmertheit. Das ist die Liste von den gegebenen Servicen. Immer zu Ihrer Verf\u00fcgung am Caf\u00e9 des Hotels die Getr\u00e4nke vom Fass ins Glas und alle Getr\u00e4nke und Esswaren. Granita Pepsi Cola Orangeade Tee mit Zitrone Yoghurt Schweppes (Anregend Still und Sprudelwasser Kaffee Cappuccino Imbiss f\u00fcr Kinder Milch Tee Kamillentee Viele Typen von &#8230;<\/p>\n","protected":false},"author":1,"featured_media":0,"parent":0,"menu_order":0,"comment_status":"closed","ping_status":"closed","template":"","meta":{"_acf_changed":false},"class_list":["post-880","page","type-page","status-publish","hentry"],"acf":[],"_links":{"self":[{"href":"https:\/\/www.hotelantea.it\/de\/wp-json\/wp\/v2\/pages\/880","targetHints":{"allow":["GET"]}}],"collection":[{"href":"https:\/\/www.hotelantea.it\/de\/wp-json\/wp\/v2\/pages"}],"about":[{"href":"https:\/\/www.hotelantea.it\/de\/wp-json\/wp\/v2\/types\/page"}],"author":[{"embeddable":true,"href":"https:\/\/www.hotelantea.it\/de\/wp-json\/wp\/v2\/users\/1"}],"replies":[{"embeddable":true,"href":"https:\/\/www.hotelantea.it\/de\/wp-json\/wp\/v2\/comments?post=880"}],"version-history":[{"count":0,"href":"https:\/\/www.hotelantea.it\/de\/wp-json\/wp\/v2\/pages\/880\/revisions"}],"wp:attachment":[{"href":"https:\/\/www.hotelantea.it\/de\/wp-json\/wp\/v2\/media?parent=880"}],"curies":[{"name":"wp","href":"https:\/\/api.w.org\/{rel}","templated":true}]}}