{"id":173,"date":"2018-03-07T16:08:47","date_gmt":"2018-03-07T15:08:47","guid":{"rendered":"https:\/\/www.hotelantea.it\/grazie-per-esserti-iscritto-alla-newsletter\/"},"modified":"2018-03-07T16:12:41","modified_gmt":"2018-03-07T15:12:41","slug":"merci-pour-votre-inscription-a-notre-newsletter","status":"publish","type":"page","link":"https:\/\/www.hotelantea.it\/fr\/merci-pour-votre-inscription-a-notre-newsletter\/","title":{"rendered":"Merci pour votre inscription \u00e0 notre newsletter"},"content":{"rendered":"<p>La direction de l&rsquo;<strong>Hotel XXX<\/strong> est rigoureuse et sensible pour ce qui concerne le <em>spam<\/em> (courrier ind\u00e9sirable), donc si vous ne souhaitez plus recevoir nos messages, ou vous ne l&rsquo;avez pas abonner, vous avez la possibilit\u00e9 de vous d\u00e9sabonner \u00e0 la fin de chaque message.<\/p>\n<p>Cordialement,<br \/>\nLa Direction<\/p>\n","protected":false},"excerpt":{"rendered":"<p>La direction de l&rsquo;Hotel XXX est rigoureuse et sensible pour ce qui concerne le spam (courrier ind\u00e9sirable), donc si vous ne souhaitez plus recevoir nos messages, ou vous ne l&rsquo;avez pas abonner, vous avez la possibilit\u00e9 de vous d\u00e9sabonner \u00e0 la fin de chaque message. Cordialement, La Direction<\/p>\n","protected":false},"author":1,"featured_media":0,"parent":0,"menu_order":0,"comment_status":"closed","ping_status":"closed","template":"","meta":{"_acf_changed":false},"class_list":["post-173","page","type-page","status-publish","hentry"],"acf":[],"_links":{"self":[{"href":"https:\/\/www.hotelantea.it\/fr\/wp-json\/wp\/v2\/pages\/173","targetHints":{"allow":["GET"]}}],"collection":[{"href":"https:\/\/www.hotelantea.it\/fr\/wp-json\/wp\/v2\/pages"}],"about":[{"href":"https:\/\/www.hotelantea.it\/fr\/wp-json\/wp\/v2\/types\/page"}],"author":[{"embeddable":true,"href":"https:\/\/www.hotelantea.it\/fr\/wp-json\/wp\/v2\/users\/1"}],"replies":[{"embeddable":true,"href":"https:\/\/www.hotelantea.it\/fr\/wp-json\/wp\/v2\/comments?post=173"}],"version-history":[{"count":0,"href":"https:\/\/www.hotelantea.it\/fr\/wp-json\/wp\/v2\/pages\/173\/revisions"}],"wp:attachment":[{"href":"https:\/\/www.hotelantea.it\/fr\/wp-json\/wp\/v2\/media?parent=173"}],"curies":[{"name":"wp","href":"https:\/\/api.w.org\/{rel}","templated":true}]}}