{"id":753,"date":"2016-07-29T12:11:55","date_gmt":"2016-07-29T10:11:55","guid":{"rendered":"https:\/\/www.hotelantea.it\/pagina-di-esempio\/"},"modified":"2020-02-06T10:55:07","modified_gmt":"2020-02-06T09:55:07","slug":"pagina-di-esempio","status":"publish","type":"page","link":"https:\/\/www.hotelantea.it\/fr\/","title":{"rendered":"H\u00f4tel 3 \u00e9toiles au bord de la mer avec piscine \u00e0 Pinarella di Cervia"},"content":{"rendered":"<h2>Bienvenus \u00e0 l\u2019h\u00f4tel Antea situ\u00e9 \u00e0 deux pas de la pin\u00e8de<\/h2>\n<p>L\u2019H\u00f4tel Antea dispose de 44 chambres et il est situ\u00e9 \u00e0 Pinarella di Cervia, une suggestive localit\u00e9 en Romagne, situ\u00e9e dans une partie merveilleuse de la c\u00f4te de l\u2019Adriatique, avec un littoral de 10 km de sable tr\u00e8s fin et bas fonds. Tout autour il y a une pin\u00e8de mill\u00e9naire de 24 hectares. L\u2019<strong>h\u00f4tel dispose de parcage et il offre un service de Baby Club<\/strong>. Le point important de l\u2019h\u00f4tel Antea est le professionnalisme de nouveaux tenanciers, Raffaele et Loredana, qui travaillent dans ce secteur depuis 26 ans avec passion et d\u00e9vouement et ils vous proposent un service tout inclus open bar sans comparaison.<\/p>\n<p><strong>Animation. <\/strong>Chaque jour vous trouverez beaucoup d\u2019activit\u00e9s int\u00e9ressantes et amusantes gr\u00e2ce \u00e0 une \u00e9quipe de sympathiques animateurs. Animation tous les jours pour adultes et enfants, Baby et Junior Club et vous ne savez pas tout.<\/p>\n<p><strong>Parcs d&rsquo;attractions. <\/strong>Il y a beaucoup de Parcs d\u2019Attractions en Romagne. Le Parc de Mirabilandia est tout pr\u00e8s de notre h\u00f4tel, mais les autres Parcs ne sont pas loin.<\/p>\n<p><strong>Territoire. <\/strong>Pendant votre s\u00e9jour vous pourrez visiter les localit\u00e9s int\u00e9ressantes et pittoresques de l\u2019hinterland de Romagne : Santarcangelo, Longiano, Montiano, Brisighella, Castrocaro Terme, Bertinoro, Predappio ou bien vous pouvez faire une promenade \u00e0 Milano Marittima, Ravenna ou Cesena.<\/p>\n","protected":false},"excerpt":{"rendered":"<p>Bienvenus \u00e0 l\u2019h\u00f4tel Antea situ\u00e9 \u00e0 deux pas de la pin\u00e8de L\u2019H\u00f4tel Antea dispose de 44 chambres et il est situ\u00e9 \u00e0 Pinarella di Cervia, une suggestive localit\u00e9 en Romagne, situ\u00e9e dans une partie merveilleuse de la c\u00f4te de l\u2019Adriatique, avec un littoral de 10 km de sable tr\u00e8s fin et bas fonds. Tout autour il y a une pin\u00e8de mill\u00e9naire de 24 hectares. L\u2019h\u00f4tel dispose de parcage et il &#8230;<\/p>\n","protected":false},"author":1,"featured_media":0,"parent":0,"menu_order":0,"comment_status":"closed","ping_status":"open","template":"","meta":{"_acf_changed":false},"class_list":["post-753","page","type-page","status-publish","hentry"],"acf":[],"_links":{"self":[{"href":"https:\/\/www.hotelantea.it\/fr\/wp-json\/wp\/v2\/pages\/753","targetHints":{"allow":["GET"]}}],"collection":[{"href":"https:\/\/www.hotelantea.it\/fr\/wp-json\/wp\/v2\/pages"}],"about":[{"href":"https:\/\/www.hotelantea.it\/fr\/wp-json\/wp\/v2\/types\/page"}],"author":[{"embeddable":true,"href":"https:\/\/www.hotelantea.it\/fr\/wp-json\/wp\/v2\/users\/1"}],"replies":[{"embeddable":true,"href":"https:\/\/www.hotelantea.it\/fr\/wp-json\/wp\/v2\/comments?post=753"}],"version-history":[{"count":0,"href":"https:\/\/www.hotelantea.it\/fr\/wp-json\/wp\/v2\/pages\/753\/revisions"}],"wp:attachment":[{"href":"https:\/\/www.hotelantea.it\/fr\/wp-json\/wp\/v2\/media?parent=753"}],"curies":[{"name":"wp","href":"https:\/\/api.w.org\/{rel}","templated":true}]}}