{"id":761,"date":"2019-12-19T11:23:29","date_gmt":"2019-12-19T10:23:29","guid":{"rendered":"https:\/\/www.hotelantea.it\/listino-all-inclusive\/"},"modified":"2020-01-31T12:34:18","modified_gmt":"2020-01-31T11:34:18","slug":"liste-des-prix","status":"publish","type":"page","link":"https:\/\/www.hotelantea.it\/fr\/liste-des-prix\/","title":{"rendered":"Liste des Prix \u200b\u200bTout Inclus avec Open Bar"},"content":{"rendered":"<h3>OFFRES<\/h3>\n<ul>\n<li><strong>\u00e0 partir de 01-06 \u00e0 15-06-2019 une semaine \u20ac 690,00 pour 2 adultes et 1 enfant, une seimane \u20ac 790,00 pour 2 adultes et 2 enfants <\/strong>(offre promotionelle non cumulable avec d&rsquo;autres reduction)<\/li>\n<li><strong>\u00e0 partir de 27-07 \u00e0 10-08 deux enfants gratis en chambre avec deux adultes<\/strong><\/li>\n<li><strong>\u00e0 partir de 31-08 \u00e0 08-09 deux enfants gratis en chambre avec deux adultes<\/strong><\/li>\n<\/ul>\n<h3>Dans toutes les p\u00e9riodes:<\/h3>\n<ul>\n<li>Le premier enfant jusqu\u2019\u00e0 l\u2019\u00e2ge de <strong>7 ans gratis en chambre avec deux adultes<\/strong>. Apr\u00e8s l\u2019\u00e2ge de 8 ans il y a <strong>une r\u00e9duction de 50%<\/strong><\/li>\n<li>Si vous avez 2 enfants, le premier <strong>est toujours gratis<\/strong> et le deuxi\u00e8me paye moiti\u00e9 prix ( jusqu\u2019\u00e0 l\u2019\u00e2ge de 14 ans) <strong>en chambre avec deux adultes<\/strong><\/li>\n<li>Un adulte et deux enfants payent deux quotes-parts<\/li>\n<li>Un adulte et un enfant payent une quote-part et demi<\/li>\n<li>4 adultes payent seulement 3 quotes-parts<\/li>\n<\/ul>\n<h3>Plan pour famille:<\/h3>\n<ul>\n<li>6 ou 5 personnes en <strong>Family room<\/strong> ( chambres communicantes avec la salle de bains de commun) <strong>payent seulement 3 quotes-parts et demi sans limites d\u2019\u00e2ge<\/strong><\/li>\n<li>Si dans une chambre il y a <strong>3 adultes, le troisi\u00e8me lit a une r\u00e9duction de 20%<\/strong><\/li>\n<li>Demi-pension (petit d\u00e9jeuner et d\u00eener )- \u20ac 5,00 par personne par jour. (applicable aux prix entiers et pas aux prix r\u00e9duits ou promotionnels<\/li>\n<li><strong>Tout au long de l&rsquo;\u00e9t\u00e9 &#8211; 10%<\/strong> dans les chambres Sky et Easy \u00e0 partir du 15 juin 2019<\/li>\n<li><strong>R\u00e9duction sp\u00e9ciale couples &#8211; 10%<\/strong> pour toutes les p\u00e9riodes \u00e0 partir du 15 juin 2019<\/li>\n<\/ul>\n<p><strong>Seules modalit\u00e9s de paiement accept\u00e9es<\/strong>: American express, Bancomat, Maestro, Visa, Postepay, Virement bancaire, Comptant.<\/p>\n","protected":false},"excerpt":{"rendered":"<p>OFFRES \u00e0 partir de 01-06 \u00e0 15-06-2019 une semaine \u20ac 690,00 pour 2 adultes et 1 enfant, une seimane \u20ac 790,00 pour 2 adultes et 2 enfants (offre promotionelle non cumulable avec d&rsquo;autres reduction) \u00e0 partir de 27-07 \u00e0 10-08 deux enfants gratis en chambre avec deux adultes \u00e0 partir de 31-08 \u00e0 08-09 deux enfants gratis en chambre avec deux adultes Dans toutes les p\u00e9riodes: Le premier enfant jusqu\u2019\u00e0 &#8230;<\/p>\n","protected":false},"author":1,"featured_media":0,"parent":0,"menu_order":0,"comment_status":"closed","ping_status":"closed","template":"","meta":{"_acf_changed":false},"class_list":["post-761","page","type-page","status-publish","hentry"],"acf":[],"_links":{"self":[{"href":"https:\/\/www.hotelantea.it\/fr\/wp-json\/wp\/v2\/pages\/761","targetHints":{"allow":["GET"]}}],"collection":[{"href":"https:\/\/www.hotelantea.it\/fr\/wp-json\/wp\/v2\/pages"}],"about":[{"href":"https:\/\/www.hotelantea.it\/fr\/wp-json\/wp\/v2\/types\/page"}],"author":[{"embeddable":true,"href":"https:\/\/www.hotelantea.it\/fr\/wp-json\/wp\/v2\/users\/1"}],"replies":[{"embeddable":true,"href":"https:\/\/www.hotelantea.it\/fr\/wp-json\/wp\/v2\/comments?post=761"}],"version-history":[{"count":0,"href":"https:\/\/www.hotelantea.it\/fr\/wp-json\/wp\/v2\/pages\/761\/revisions"}],"wp:attachment":[{"href":"https:\/\/www.hotelantea.it\/fr\/wp-json\/wp\/v2\/media?parent=761"}],"curies":[{"name":"wp","href":"https:\/\/api.w.org\/{rel}","templated":true}]}}