{"id":770,"date":"2019-12-18T15:32:52","date_gmt":"2019-12-18T14:32:52","guid":{"rendered":"https:\/\/www.hotelantea.it\/ristorante\/"},"modified":"2020-01-29T14:14:43","modified_gmt":"2020-01-29T13:14:43","slug":"restaurant","status":"publish","type":"page","link":"https:\/\/www.hotelantea.it\/fr\/restaurant\/","title":{"rendered":"H\u00f4tel avec restaurant \u00e0 Pinarella di Cervia"},"content":{"rendered":"<h2>Sp\u00e9cialit\u00e9s savoureuses et exquises de viande et poisson et menu sp\u00e9cial pour les enfants<\/h2>\n<p><strong>La salle \u00e0 manger<\/strong> est ouverte de 12.00 \u00e0 14.00 heures pour le d\u00e9jeuner et de 19.00 \u00e0 21.00 heures pour le d\u00eener. Le service est en Front Cooking, donc vous pourrez choisir parmi les diff\u00e9rents mets chauds et froids, servis directement par notre Chef. En outre vous pourrez vous servir tous seuls de <strong>savoureux hors \u2013 d\u2019\u0153uvre, diff\u00e9rents types de l\u00e9gume et g\u00e2teaux d\u00e9licieux<\/strong>. Notre buffet sera toujours bien fourni et vous trouverez p\u00e2tes chaudes et fermes \u00e0 toute heure.<\/p>\n<p>Vous pourrez avoir <strong>un menu sp\u00e9cial pour les enfants, m\u00eame pour les plus petits<\/strong>: homog\u00e9n\u00e9is\u00e9s, lait frais, diff\u00e9rents types de cocktail de fruits, bouillon de viande et de l\u00e9gumes, diff\u00e9rents types de potage de l\u00e9gumes. \u00c0 disposition pour les petits enfants chaises hautes, nappage et m\u00e9nag\u00e8re. La pr\u00e9sence du Baby Club permettra aux adultes de d\u00e9jeuner et d\u00eener en tranquillit\u00e9.<br \/>\n<strong>Les boissons \u00e0 la pression<\/strong> dans la salle \u00e0 manger seront \u00e0 votre compl\u00e8te disposition sans limites de consommation, eau naturelle et gazeuse, Pepsi Cola, vin blanc p\u00e9tillant et naturel, Sangiovese.<\/p>\n<div id='gallery-1' class='gallery galleryid-770  gallery-size-medium'><div class='owl-carousel owl-carousel-multiple-carousel-style'\n\t\t\t\t\t\t\tdata-owl-navigation='true'\n\t\t\t\t\t\t\tdata-owl-slide-speed='300'\n\t\t\t\t\t\t\tdata-owl-autoplay='false'\n\t\t\t\t\t\t\tdata-owl-dots='false'\n\t\t\t\t\t\t\tdata-owl-dots-speed='300'\n\t\t\t\t\t\t\tdata-owl-items-xs='1'data-owl-items-sm='2'data-owl-items-md='3'data-owl-items-lg='3'data-owl-items-xl='3'\n\t\t\t\t\t\t><figure class='gallery-item'>\n\t\t\t\t<div class='gallery-icon landscape'>\n\t\t\t\t\t<a href='https:\/\/www.hotelantea.it\/wp-content\/uploads\/2019\/12\/Gallery-ristorante-01-Hotel-Antea-Cervia.jpg' data-size=\"1200x900\"><img loading=\"lazy\" decoding=\"async\" width=\"640\" height=\"420\" src=\"https:\/\/www.hotelantea.it\/wp-content\/uploads\/2019\/12\/Gallery-ristorante-01-Hotel-Antea-Cervia-640x420.jpg\" class=\"attachment-medium size-medium\" alt=\"\" \/><\/a>\n\t\t\t\t<\/div><\/figure><figure class='gallery-item'>\n\t\t\t\t<div class='gallery-icon landscape'>\n\t\t\t\t\t<a href='https:\/\/www.hotelantea.it\/wp-content\/uploads\/2019\/12\/Gallery-ristorante-05-Hotel-Antea-Cervia.jpg' data-size=\"1200x900\"><img loading=\"lazy\" decoding=\"async\" width=\"640\" height=\"420\" src=\"https:\/\/www.hotelantea.it\/wp-content\/uploads\/2019\/12\/Gallery-ristorante-05-Hotel-Antea-Cervia-640x420.jpg\" class=\"attachment-medium size-medium\" alt=\"\" \/><\/a>\n\t\t\t\t<\/div><\/figure><figure class='gallery-item'>\n\t\t\t\t<div class='gallery-icon landscape'>\n\t\t\t\t\t<a href='https:\/\/www.hotelantea.it\/wp-content\/uploads\/2019\/12\/Gallery-ristorante-03-Hotel-Antea-Cervia.jpg' data-size=\"1200x900\"><img loading=\"lazy\" decoding=\"async\" width=\"640\" height=\"420\" src=\"https:\/\/www.hotelantea.it\/wp-content\/uploads\/2019\/12\/Gallery-ristorante-03-Hotel-Antea-Cervia-640x420.jpg\" class=\"attachment-medium size-medium\" alt=\"\" \/><\/a>\n\t\t\t\t<\/div><\/figure><figure class='gallery-item'>\n\t\t\t\t<div class='gallery-icon landscape'>\n\t\t\t\t\t<a href='https:\/\/www.hotelantea.it\/wp-content\/uploads\/2019\/12\/Gallery-ristorante-06-Hotel-Antea-Cervia.jpg' data-size=\"1200x900\"><img loading=\"lazy\" decoding=\"async\" width=\"640\" height=\"420\" src=\"https:\/\/www.hotelantea.it\/wp-content\/uploads\/2019\/12\/Gallery-ristorante-06-Hotel-Antea-Cervia-640x420.jpg\" class=\"attachment-medium size-medium\" alt=\"\" \/><\/a>\n\t\t\t\t<\/div><\/figure><figure class='gallery-item'>\n\t\t\t\t<div class='gallery-icon landscape'>\n\t\t\t\t\t<a href='https:\/\/www.hotelantea.it\/wp-content\/uploads\/2019\/12\/Gallery-ristorante-02-Hotel-Antea-Cervia.jpg' data-size=\"1200x900\"><img loading=\"lazy\" decoding=\"async\" width=\"640\" height=\"420\" src=\"https:\/\/www.hotelantea.it\/wp-content\/uploads\/2019\/12\/Gallery-ristorante-02-Hotel-Antea-Cervia-640x420.jpg\" class=\"attachment-medium size-medium\" alt=\"\" \/><\/a>\n\t\t\t\t<\/div><\/figure><figure class='gallery-item'>\n\t\t\t\t<div class='gallery-icon landscape'>\n\t\t\t\t\t<a href='https:\/\/www.hotelantea.it\/wp-content\/uploads\/2019\/12\/Gallery-ristorante-04-Hotel-Antea-Cervia.jpg' data-size=\"1200x900\"><img loading=\"lazy\" decoding=\"async\" width=\"640\" height=\"420\" src=\"https:\/\/www.hotelantea.it\/wp-content\/uploads\/2019\/12\/Gallery-ristorante-04-Hotel-Antea-Cervia-640x420.jpg\" class=\"attachment-medium size-medium\" alt=\"\" \/><\/a>\n\t\t\t\t<\/div><\/figure>\n\t\t\t<\/div>\n<\/div>\n\n","protected":false},"excerpt":{"rendered":"<p>Sp\u00e9cialit\u00e9s savoureuses et exquises de viande et poisson et menu sp\u00e9cial pour les enfants La salle \u00e0 manger est ouverte de 12.00 \u00e0 14.00 heures pour le d\u00e9jeuner et de 19.00 \u00e0 21.00 heures pour le d\u00eener. Le service est en Front Cooking, donc vous pourrez choisir parmi les diff\u00e9rents mets chauds et froids, servis directement par notre Chef. En outre vous pourrez vous servir tous seuls de savoureux hors &#8230;<\/p>\n","protected":false},"author":1,"featured_media":0,"parent":0,"menu_order":0,"comment_status":"closed","ping_status":"closed","template":"","meta":{"_acf_changed":false},"class_list":["post-770","page","type-page","status-publish","hentry"],"acf":[],"_links":{"self":[{"href":"https:\/\/www.hotelantea.it\/fr\/wp-json\/wp\/v2\/pages\/770","targetHints":{"allow":["GET"]}}],"collection":[{"href":"https:\/\/www.hotelantea.it\/fr\/wp-json\/wp\/v2\/pages"}],"about":[{"href":"https:\/\/www.hotelantea.it\/fr\/wp-json\/wp\/v2\/types\/page"}],"author":[{"embeddable":true,"href":"https:\/\/www.hotelantea.it\/fr\/wp-json\/wp\/v2\/users\/1"}],"replies":[{"embeddable":true,"href":"https:\/\/www.hotelantea.it\/fr\/wp-json\/wp\/v2\/comments?post=770"}],"version-history":[{"count":0,"href":"https:\/\/www.hotelantea.it\/fr\/wp-json\/wp\/v2\/pages\/770\/revisions"}],"wp:attachment":[{"href":"https:\/\/www.hotelantea.it\/fr\/wp-json\/wp\/v2\/media?parent=770"}],"curies":[{"name":"wp","href":"https:\/\/api.w.org\/{rel}","templated":true}]}}