{"id":79,"date":"2017-03-01T16:11:59","date_gmt":"2017-03-01T15:11:59","guid":{"rendered":"https:\/\/www.hotelantea.it\/grazie-per-averci-contattato\/"},"modified":"2017-04-03T11:49:40","modified_gmt":"2017-04-03T09:49:40","slug":"merci-pour-nous-avoir-contacte","status":"publish","type":"page","link":"https:\/\/www.hotelantea.it\/fr\/merci-pour-nous-avoir-contacte\/","title":{"rendered":"Merci pour nous avoir contact\u00e9"},"content":{"rendered":"<p>Merci pour nous avoir contact\u00e9. Nous vous r\u00e9pondrons au plus vite<\/p>\n","protected":false},"excerpt":{"rendered":"<p>Merci pour nous avoir contact\u00e9. Nous vous r\u00e9pondrons au plus vite<\/p>\n","protected":false},"author":1,"featured_media":0,"parent":0,"menu_order":0,"comment_status":"closed","ping_status":"closed","template":"","meta":{"_acf_changed":false},"class_list":["post-79","page","type-page","status-publish","hentry"],"acf":[],"_links":{"self":[{"href":"https:\/\/www.hotelantea.it\/fr\/wp-json\/wp\/v2\/pages\/79","targetHints":{"allow":["GET"]}}],"collection":[{"href":"https:\/\/www.hotelantea.it\/fr\/wp-json\/wp\/v2\/pages"}],"about":[{"href":"https:\/\/www.hotelantea.it\/fr\/wp-json\/wp\/v2\/types\/page"}],"author":[{"embeddable":true,"href":"https:\/\/www.hotelantea.it\/fr\/wp-json\/wp\/v2\/users\/1"}],"replies":[{"embeddable":true,"href":"https:\/\/www.hotelantea.it\/fr\/wp-json\/wp\/v2\/comments?post=79"}],"version-history":[{"count":0,"href":"https:\/\/www.hotelantea.it\/fr\/wp-json\/wp\/v2\/pages\/79\/revisions"}],"wp:attachment":[{"href":"https:\/\/www.hotelantea.it\/fr\/wp-json\/wp\/v2\/media?parent=79"}],"curies":[{"name":"wp","href":"https:\/\/api.w.org\/{rel}","templated":true}]}}