{"id":843,"date":"2020-01-15T14:13:49","date_gmt":"2020-01-15T13:13:49","guid":{"rendered":"https:\/\/www.hotelantea.it\/camere\/"},"modified":"2020-01-31T11:05:37","modified_gmt":"2020-01-31T10:05:37","slug":"nos-chambres","status":"publish","type":"page","link":"https:\/\/www.hotelantea.it\/fr\/nos-chambres\/","title":{"rendered":"Nos chambres"},"content":{"rendered":"<p>Les Holidays room sont chambres \u00e0 coucher ont la salle de bains priv\u00e9e, le box pour la douche, le s\u00e9choir \u00e0 cheveux, la t\u00e9l\u00e9vision, le coffre-fort, le balcon et l\u2019air conditionn\u00e9.<\/p>\n<p>Pour les familles nombreuses de 5 \u00e0 6 personnes, il y a \u00e0 disposition notre\u00a0<strong>Family room<\/strong>, ou les chambres spacieuses de l\u2019h\u00f4tel Giorgio, la d\u00e9pendance.<br \/>\nDans toutes les chambres vous trouverez linge propre. \u00c0 disposition il y a des bandes pour les lits pour la s\u00fbret\u00e9 des enfants, des berceaux et aussi de petites baignoires pour le bain et les adaptateurs pour le WC.<\/p>\n","protected":false},"excerpt":{"rendered":"<p>Les Holidays room sont chambres \u00e0 coucher ont la salle de bains priv\u00e9e, le box pour la douche, le s\u00e9choir \u00e0 cheveux, la t\u00e9l\u00e9vision, le coffre-fort, le balcon et l\u2019air conditionn\u00e9. Pour les familles nombreuses de 5 \u00e0 6 personnes, il y a \u00e0 disposition notre\u00a0Family room, ou les chambres spacieuses de l\u2019h\u00f4tel Giorgio, la d\u00e9pendance. Dans toutes les chambres vous trouverez linge propre. \u00c0 disposition il y a des &#8230;<\/p>\n","protected":false},"author":1,"featured_media":0,"parent":0,"menu_order":0,"comment_status":"closed","ping_status":"closed","template":"template\/template.camere.php","meta":{"_acf_changed":false},"class_list":["post-843","page","type-page","status-publish","hentry"],"acf":[],"_links":{"self":[{"href":"https:\/\/www.hotelantea.it\/fr\/wp-json\/wp\/v2\/pages\/843","targetHints":{"allow":["GET"]}}],"collection":[{"href":"https:\/\/www.hotelantea.it\/fr\/wp-json\/wp\/v2\/pages"}],"about":[{"href":"https:\/\/www.hotelantea.it\/fr\/wp-json\/wp\/v2\/types\/page"}],"author":[{"embeddable":true,"href":"https:\/\/www.hotelantea.it\/fr\/wp-json\/wp\/v2\/users\/1"}],"replies":[{"embeddable":true,"href":"https:\/\/www.hotelantea.it\/fr\/wp-json\/wp\/v2\/comments?post=843"}],"version-history":[{"count":0,"href":"https:\/\/www.hotelantea.it\/fr\/wp-json\/wp\/v2\/pages\/843\/revisions"}],"wp:attachment":[{"href":"https:\/\/www.hotelantea.it\/fr\/wp-json\/wp\/v2\/media?parent=843"}],"curies":[{"name":"wp","href":"https:\/\/api.w.org\/{rel}","templated":true}]}}