{"id":878,"date":"2019-12-18T14:46:22","date_gmt":"2019-12-18T13:46:22","guid":{"rendered":"https:\/\/www.hotelantea.it\/schwimmbecken\/"},"modified":"2020-01-31T13:03:32","modified_gmt":"2020-01-31T12:03:32","slug":"piscine","status":"publish","type":"page","link":"https:\/\/www.hotelantea.it\/fr\/piscine\/","title":{"rendered":"H\u00f4tel avec Piscine"},"content":{"rendered":"<p>L\u2019H\u00f4tel a une\u00a0<strong>piscine<\/strong>\u00a0tr\u00e8s belle avec une profondeur de 1 m \u00e0 2,5 m pour environ 97 m\u00e8tres carr\u00e9s.\u00a0<strong>Une piscine pour les enfants<\/strong>\u00a0avec une profondeur de 60 cm et\u00a0<strong>une baignoire hydromassage<\/strong>\u00a0\u00e0 huit places.\u00a0<strong>Toutes les piscines sont chauff\u00e9es \u00e0 30\u00b0.<\/strong><\/p>\n<p>Les piscines seront surveill\u00e9es par\u00a0<strong>un ma\u00eetre-nageur exp\u00e9riment\u00e9.<\/strong>\u00a0En outre vous pourrez vous servir du service Open Bar gratuitement, sans vous pr\u00e9occuper de payer des extra \u00e0 la fin de votre s\u00e9jour.<\/p>\n<div id='gallery-1' class='gallery galleryid-878  gallery-size-medium'><div class='owl-carousel owl-carousel-multiple-carousel-style'\n\t\t\t\t\t\t\tdata-owl-navigation='true'\n\t\t\t\t\t\t\tdata-owl-slide-speed='300'\n\t\t\t\t\t\t\tdata-owl-autoplay='false'\n\t\t\t\t\t\t\tdata-owl-dots='false'\n\t\t\t\t\t\t\tdata-owl-dots-speed='300'\n\t\t\t\t\t\t\tdata-owl-items-xs='1'data-owl-items-sm='2'data-owl-items-md='3'data-owl-items-lg='3'data-owl-items-xl='3'\n\t\t\t\t\t\t><figure class='gallery-item'>\n\t\t\t\t<div class='gallery-icon landscape'>\n\t\t\t\t\t<a href='https:\/\/www.hotelantea.it\/wp-content\/uploads\/2019\/12\/Gallery-piscina-04-Hotel-Antea-Cervia.jpg' data-size=\"1200x900\"><img loading=\"lazy\" decoding=\"async\" width=\"640\" height=\"420\" src=\"https:\/\/www.hotelantea.it\/wp-content\/uploads\/2019\/12\/Gallery-piscina-04-Hotel-Antea-Cervia-640x420.jpg\" class=\"attachment-medium size-medium\" alt=\"\" \/><\/a>\n\t\t\t\t<\/div><\/figure><figure class='gallery-item'>\n\t\t\t\t<div class='gallery-icon landscape'>\n\t\t\t\t\t<a href='https:\/\/www.hotelantea.it\/wp-content\/uploads\/2019\/12\/Gallery-piscina-01-Hotel-Antea-Cervia.jpg' data-size=\"1200x900\"><img loading=\"lazy\" decoding=\"async\" width=\"640\" height=\"420\" src=\"https:\/\/www.hotelantea.it\/wp-content\/uploads\/2019\/12\/Gallery-piscina-01-Hotel-Antea-Cervia-640x420.jpg\" class=\"attachment-medium size-medium\" alt=\"\" \/><\/a>\n\t\t\t\t<\/div><\/figure><figure class='gallery-item'>\n\t\t\t\t<div class='gallery-icon landscape'>\n\t\t\t\t\t<a href='https:\/\/www.hotelantea.it\/wp-content\/uploads\/2019\/12\/Gallery-piscina-02-Hotel-Antea-Cervia.jpg' data-size=\"1200x900\"><img loading=\"lazy\" decoding=\"async\" width=\"640\" height=\"420\" src=\"https:\/\/www.hotelantea.it\/wp-content\/uploads\/2019\/12\/Gallery-piscina-02-Hotel-Antea-Cervia-640x420.jpg\" class=\"attachment-medium size-medium\" alt=\"\" \/><\/a>\n\t\t\t\t<\/div><\/figure><figure class='gallery-item'>\n\t\t\t\t<div class='gallery-icon landscape'>\n\t\t\t\t\t<a href='https:\/\/www.hotelantea.it\/wp-content\/uploads\/2019\/12\/Gallery-piscina-03-Hotel-Antea-Cervia.jpg' data-size=\"1200x900\"><img loading=\"lazy\" decoding=\"async\" width=\"640\" height=\"420\" src=\"https:\/\/www.hotelantea.it\/wp-content\/uploads\/2019\/12\/Gallery-piscina-03-Hotel-Antea-Cervia-640x420.jpg\" class=\"attachment-medium size-medium\" alt=\"\" \/><\/a>\n\t\t\t\t<\/div><\/figure><figure class='gallery-item'>\n\t\t\t\t<div class='gallery-icon landscape'>\n\t\t\t\t\t<a href='https:\/\/www.hotelantea.it\/wp-content\/uploads\/2019\/12\/Gallery-piscina-05-Hotel-Antea-Cervia.jpg' data-size=\"1200x900\"><img loading=\"lazy\" decoding=\"async\" width=\"640\" height=\"420\" src=\"https:\/\/www.hotelantea.it\/wp-content\/uploads\/2019\/12\/Gallery-piscina-05-Hotel-Antea-Cervia-640x420.jpg\" class=\"attachment-medium size-medium\" alt=\"\" \/><\/a>\n\t\t\t\t<\/div><\/figure>\n\t\t\t<\/div>\n<\/div>\n\n","protected":false},"excerpt":{"rendered":"<p>L\u2019H\u00f4tel a une\u00a0piscine\u00a0tr\u00e8s belle avec une profondeur de 1 m \u00e0 2,5 m pour environ 97 m\u00e8tres carr\u00e9s.\u00a0Une piscine pour les enfants\u00a0avec une profondeur de 60 cm et\u00a0une baignoire hydromassage\u00a0\u00e0 huit places.\u00a0Toutes les piscines sont chauff\u00e9es \u00e0 30\u00b0. Les piscines seront surveill\u00e9es par\u00a0un ma\u00eetre-nageur exp\u00e9riment\u00e9.\u00a0En outre vous pourrez vous servir du service Open Bar gratuitement, sans vous pr\u00e9occuper de payer des extra \u00e0 la fin de votre s\u00e9jour.<\/p>\n","protected":false},"author":1,"featured_media":0,"parent":0,"menu_order":0,"comment_status":"closed","ping_status":"closed","template":"","meta":{"_acf_changed":false},"class_list":["post-878","page","type-page","status-publish","hentry"],"acf":[],"_links":{"self":[{"href":"https:\/\/www.hotelantea.it\/fr\/wp-json\/wp\/v2\/pages\/878","targetHints":{"allow":["GET"]}}],"collection":[{"href":"https:\/\/www.hotelantea.it\/fr\/wp-json\/wp\/v2\/pages"}],"about":[{"href":"https:\/\/www.hotelantea.it\/fr\/wp-json\/wp\/v2\/types\/page"}],"author":[{"embeddable":true,"href":"https:\/\/www.hotelantea.it\/fr\/wp-json\/wp\/v2\/users\/1"}],"replies":[{"embeddable":true,"href":"https:\/\/www.hotelantea.it\/fr\/wp-json\/wp\/v2\/comments?post=878"}],"version-history":[{"count":0,"href":"https:\/\/www.hotelantea.it\/fr\/wp-json\/wp\/v2\/pages\/878\/revisions"}],"wp:attachment":[{"href":"https:\/\/www.hotelantea.it\/fr\/wp-json\/wp\/v2\/media?parent=878"}],"curies":[{"name":"wp","href":"https:\/\/api.w.org\/{rel}","templated":true}]}}