{"id":884,"date":"2019-12-18T16:01:26","date_gmt":"2019-12-18T15:01:26","guid":{"rendered":"https:\/\/www.hotelantea.it\/services\/"},"modified":"2021-08-18T17:52:16","modified_gmt":"2021-08-18T15:52:16","slug":"services","status":"publish","type":"page","link":"https:\/\/www.hotelantea.it\/fr\/services\/","title":{"rendered":"Beaucoup de services pour votre s\u00e9jour sp\u00e9cial"},"content":{"rendered":"<p>Tous les services mentionn\u00e9s ci-dessous sont inclus dans le prix, pour vous offrir des vacances sous le signe de la bonne-humeur. Donc nous vous offrirons tout cela qui suit.<br \/>\nVous trouverez toujours \u00e0 votre disposition au bar de l\u2019h\u00f4tel les boissons \u00e0 la pression en verre et toute la caf\u00e9terie.<\/p>\n<ul>\n<li>Granit\u00e9s<\/li>\n<li>Pepsi Cola<\/li>\n<li>Orangeade<\/li>\n<li>Th\u00e9 au citron<\/li>\n<li>Yogourt<\/li>\n<li>Schweppes tonique<\/li>\n<li>Eau naturelle et gazeuse<\/li>\n<li>Caf\u00e9<\/li>\n<li>Caf\u00e9 cr\u00e8me<\/li>\n<li>Go\u00fbter pour les enfants<\/li>\n<li>Lait<\/li>\n<li>Th\u00e9<\/li>\n<li>Camomille<\/li>\n<li>Tisanes<\/li>\n<\/ul>\n<p><strong>Autres services sp\u00e9ciaux:<\/strong><\/p>\n<ul>\n<li>Wi-Fi gratuit<\/li>\n<li>Baby Club<\/li>\n<li>Parcage<\/li>\n<li>Plage priv\u00e9e<\/li>\n<li>Piscines chauff\u00e9es avec acc\u00e8s direct du bar<\/li>\n<\/ul>\n<p><strong>Le petit d\u00e9jeuner offre:<\/strong>\u00a0lait chaud et froid, th\u00e9, chocolat, caf\u00e9, caf\u00e9 cr\u00e8me, jus de fruits, yogourt, fruits frais, muesli, kellogs, marmelades, miel, chocolat, beurre, biscuits, savarin, tartes, plum-cake, brioches, assiette anglaise, plateau de fromages, \u0153ufs, pain, biscottes. \u00c0 votre disposition vous trouverez un toaster convoyeur pour chauffer les diff\u00e9rents types de pain, une machine \u00e0 centrifuger et une grande quantit\u00e9 de l\u00e9gumes verts et une machine pour cuire les w\u00fcrstels. Tout cela sera servi de 07.30 \u00e0 09.30 heures.<\/p>\n<p>Avant de prendre place au restaurant pour le d\u00e9jeuner et le d\u00eener, nous vous offrirons un ap\u00e9ritif non alcoolis\u00e9 avec amuse-gueule. Durant le jour et la nuit vous trouverez toujours des personnes qualifi\u00e9es au bar et \u00e0 la r\u00e9ception pour r\u00e9pondre \u00e0 vos exigences. Vous trouverez aussi \u00e0 votre disposition des magazines, des quotidiens et des bicyclettes.<\/p>\n<p><strong>Open Bar &#8211; <\/strong>Boissons toujours gratuites 24\/24 au bar de l\u2019h\u00f4tel.<\/p>\n<p><strong>Chambres &#8211; <\/strong>All rooms give onto the pinewood and sea of Pinarella di Cervia.<\/p>\n<p><strong>Restaurant &#8211; <\/strong>Service en Front Cooking, avec particuli\u00e8re attention aux enfants.<br \/>\n<strong><br \/>\nPiscines &#8211; <\/strong>Piscine, Piscine pour les enfants, baignoire hydromassage. Toutes chauff\u00e9es avec service de Open Bar.<\/p>\n<p><strong>Plage priv\u00e9e &#8211; <\/strong>Devant l\u2019hotel.<\/p>\n<p>&nbsp;<\/p>\n<div id='gallery-1' class='gallery galleryid-884  gallery-size-medium'><div class='owl-carousel owl-carousel-multiple-carousel-style'\n\t\t\t\t\t\t\tdata-owl-navigation='true'\n\t\t\t\t\t\t\tdata-owl-slide-speed='300'\n\t\t\t\t\t\t\tdata-owl-autoplay='false'\n\t\t\t\t\t\t\tdata-owl-dots='false'\n\t\t\t\t\t\t\tdata-owl-dots-speed='300'\n\t\t\t\t\t\t\tdata-owl-items-xs='1'data-owl-items-sm='2'data-owl-items-md='3'data-owl-items-lg='3'data-owl-items-xl='3'\n\t\t\t\t\t\t><figure class='gallery-item'>\n\t\t\t\t<div class='gallery-icon landscape'>\n\t\t\t\t\t<a href='https:\/\/www.hotelantea.it\/wp-content\/uploads\/2019\/12\/Gallery-all-inclusive-01-Hotel-Antea-Cervia.jpg' data-size=\"1200x900\"><img loading=\"lazy\" decoding=\"async\" width=\"640\" height=\"420\" src=\"https:\/\/www.hotelantea.it\/wp-content\/uploads\/2019\/12\/Gallery-all-inclusive-01-Hotel-Antea-Cervia-640x420.jpg\" class=\"attachment-medium size-medium\" alt=\"\" \/><\/a>\n\t\t\t\t<\/div><\/figure><figure class='gallery-item'>\n\t\t\t\t<div class='gallery-icon landscape'>\n\t\t\t\t\t<a href='https:\/\/www.hotelantea.it\/wp-content\/uploads\/2019\/12\/Gallery-all-inclusive-02-Hotel-Antea-Cervia.jpg' data-size=\"1200x900\"><img loading=\"lazy\" decoding=\"async\" width=\"640\" height=\"420\" src=\"https:\/\/www.hotelantea.it\/wp-content\/uploads\/2019\/12\/Gallery-all-inclusive-02-Hotel-Antea-Cervia-640x420.jpg\" class=\"attachment-medium size-medium\" alt=\"\" \/><\/a>\n\t\t\t\t<\/div><\/figure><figure class='gallery-item'>\n\t\t\t\t<div class='gallery-icon landscape'>\n\t\t\t\t\t<a href='https:\/\/www.hotelantea.it\/wp-content\/uploads\/2019\/12\/Gallery-all-inclusive-03-Hotel-Antea-Cervia.jpg' data-size=\"1200x900\"><img loading=\"lazy\" decoding=\"async\" width=\"640\" height=\"420\" src=\"https:\/\/www.hotelantea.it\/wp-content\/uploads\/2019\/12\/Gallery-all-inclusive-03-Hotel-Antea-Cervia-640x420.jpg\" class=\"attachment-medium size-medium\" alt=\"\" \/><\/a>\n\t\t\t\t<\/div><\/figure><figure class='gallery-item'>\n\t\t\t\t<div class='gallery-icon landscape'>\n\t\t\t\t\t<a href='https:\/\/www.hotelantea.it\/wp-content\/uploads\/2019\/12\/Gallery-all-inclusive-05-Hotel-Antea-Cervia.jpg' data-size=\"1200x900\"><img loading=\"lazy\" decoding=\"async\" width=\"640\" height=\"420\" src=\"https:\/\/www.hotelantea.it\/wp-content\/uploads\/2019\/12\/Gallery-all-inclusive-05-Hotel-Antea-Cervia-640x420.jpg\" class=\"attachment-medium size-medium\" alt=\"\" \/><\/a>\n\t\t\t\t<\/div><\/figure><figure class='gallery-item'>\n\t\t\t\t<div class='gallery-icon landscape'>\n\t\t\t\t\t<a href='https:\/\/www.hotelantea.it\/wp-content\/uploads\/2019\/12\/Gallery-piscina-02-Hotel-Antea-Cervia.jpg' data-size=\"1200x900\"><img loading=\"lazy\" decoding=\"async\" width=\"640\" height=\"420\" src=\"https:\/\/www.hotelantea.it\/wp-content\/uploads\/2019\/12\/Gallery-piscina-02-Hotel-Antea-Cervia-640x420.jpg\" class=\"attachment-medium size-medium\" alt=\"\" \/><\/a>\n\t\t\t\t<\/div><\/figure><figure class='gallery-item'>\n\t\t\t\t<div class='gallery-icon landscape'>\n\t\t\t\t\t<a href='https:\/\/www.hotelantea.it\/wp-content\/uploads\/2019\/12\/Gallery-02-Hotel-Antea-Cervia.jpg' data-size=\"1200x900\"><img loading=\"lazy\" decoding=\"async\" width=\"640\" height=\"420\" src=\"https:\/\/www.hotelantea.it\/wp-content\/uploads\/2019\/12\/Gallery-02-Hotel-Antea-Cervia-640x420.jpg\" class=\"attachment-medium size-medium\" alt=\"\" \/><\/a>\n\t\t\t\t<\/div><\/figure><figure class='gallery-item'>\n\t\t\t\t<div class='gallery-icon landscape'>\n\t\t\t\t\t<a href='https:\/\/www.hotelantea.it\/wp-content\/uploads\/2019\/12\/Gallery-05-Hotel-Antea-Cervia.jpg' data-size=\"1200x900\"><img loading=\"lazy\" decoding=\"async\" width=\"640\" height=\"420\" src=\"https:\/\/www.hotelantea.it\/wp-content\/uploads\/2019\/12\/Gallery-05-Hotel-Antea-Cervia-640x420.jpg\" class=\"attachment-medium size-medium\" alt=\"\" \/><\/a>\n\t\t\t\t<\/div><\/figure><figure class='gallery-item'>\n\t\t\t\t<div class='gallery-icon landscape'>\n\t\t\t\t\t<a href='https:\/\/www.hotelantea.it\/wp-content\/uploads\/2019\/12\/Gallery-04-Hotel-Antea-Cervia.jpg' data-size=\"1200x900\"><img loading=\"lazy\" decoding=\"async\" width=\"640\" height=\"420\" src=\"https:\/\/www.hotelantea.it\/wp-content\/uploads\/2019\/12\/Gallery-04-Hotel-Antea-Cervia-640x420.jpg\" class=\"attachment-medium size-medium\" alt=\"\" \/><\/a>\n\t\t\t\t<\/div><\/figure><figure class='gallery-item'>\n\t\t\t\t<div class='gallery-icon landscape'>\n\t\t\t\t\t<a href='https:\/\/www.hotelantea.it\/wp-content\/uploads\/2019\/12\/Gallery-ristorante-02-Hotel-Antea-Cervia.jpg' data-size=\"1200x900\"><img loading=\"lazy\" decoding=\"async\" width=\"640\" height=\"420\" src=\"https:\/\/www.hotelantea.it\/wp-content\/uploads\/2019\/12\/Gallery-ristorante-02-Hotel-Antea-Cervia-640x420.jpg\" class=\"attachment-medium size-medium\" alt=\"\" \/><\/a>\n\t\t\t\t<\/div><\/figure><figure class='gallery-item'>\n\t\t\t\t<div class='gallery-icon landscape'>\n\t\t\t\t\t<a href='https:\/\/www.hotelantea.it\/wp-content\/uploads\/2019\/12\/Gallery-ristorante-01-Hotel-Antea-Cervia.jpg' data-size=\"1200x900\"><img loading=\"lazy\" decoding=\"async\" width=\"640\" height=\"420\" src=\"https:\/\/www.hotelantea.it\/wp-content\/uploads\/2019\/12\/Gallery-ristorante-01-Hotel-Antea-Cervia-640x420.jpg\" class=\"attachment-medium size-medium\" alt=\"\" \/><\/a>\n\t\t\t\t<\/div><\/figure>\n\t\t\t<\/div>\n<\/div>\n\n","protected":false},"excerpt":{"rendered":"<p>Tous les services mentionn\u00e9s ci-dessous sont inclus dans le prix, pour vous offrir des vacances sous le signe de la bonne-humeur. Donc nous vous offrirons tout cela qui suit. Vous trouverez toujours \u00e0 votre disposition au bar de l\u2019h\u00f4tel les boissons \u00e0 la pression en verre et toute la caf\u00e9terie. Granit\u00e9s Pepsi Cola Orangeade Th\u00e9 au citron Yogourt Schweppes tonique Eau naturelle et gazeuse Caf\u00e9 Caf\u00e9 cr\u00e8me Go\u00fbter pour les &#8230;<\/p>\n","protected":false},"author":1,"featured_media":0,"parent":0,"menu_order":0,"comment_status":"closed","ping_status":"closed","template":"","meta":{"_acf_changed":false},"class_list":["post-884","page","type-page","status-publish","hentry"],"acf":[],"_links":{"self":[{"href":"https:\/\/www.hotelantea.it\/fr\/wp-json\/wp\/v2\/pages\/884","targetHints":{"allow":["GET"]}}],"collection":[{"href":"https:\/\/www.hotelantea.it\/fr\/wp-json\/wp\/v2\/pages"}],"about":[{"href":"https:\/\/www.hotelantea.it\/fr\/wp-json\/wp\/v2\/types\/page"}],"author":[{"embeddable":true,"href":"https:\/\/www.hotelantea.it\/fr\/wp-json\/wp\/v2\/users\/1"}],"replies":[{"embeddable":true,"href":"https:\/\/www.hotelantea.it\/fr\/wp-json\/wp\/v2\/comments?post=884"}],"version-history":[{"count":0,"href":"https:\/\/www.hotelantea.it\/fr\/wp-json\/wp\/v2\/pages\/884\/revisions"}],"wp:attachment":[{"href":"https:\/\/www.hotelantea.it\/fr\/wp-json\/wp\/v2\/media?parent=884"}],"curies":[{"name":"wp","href":"https:\/\/api.w.org\/{rel}","templated":true}]}}