{"id":888,"date":"2019-12-18T12:55:49","date_gmt":"2019-12-18T11:55:49","guid":{"rendered":"https:\/\/www.hotelantea.it\/spiaggia\/"},"modified":"2020-01-31T15:20:53","modified_gmt":"2020-01-31T14:20:53","slug":"plage","status":"publish","type":"page","link":"https:\/\/www.hotelantea.it\/fr\/plage\/","title":{"rendered":"Plage priv\u00e9e"},"content":{"rendered":"<p><strong>Sur la plage priv\u00e9e<\/strong>\u00a0chaque chambre dispose d\u2019un parasol et deux petits lits de plage. Animation tous les jours pour adultes et enfants. En outre un espace de jeu pour les enfants, un espace pour beach volley, un bar bien fourni.<br \/>\nSi vous d\u00e9sirez d\u00e9jeuner sur la plage sans rentrer en h\u00f4tel, vous pouvez le faire sans\u00a0<strong>co\u00fbts suppl\u00e9mentaires<\/strong>\u00a0ayant \u00e0 disposition un buffet froid de diff\u00e9rents types de salade, deux entr\u00e9es chaudes \u00e0 votre choix et les boissons.<br \/>\nLa plage, la pin\u00e8de tr\u00e8s belle, le sable tr\u00e8s fin et les bas fonds vous raviront.<\/p>\n<p>&nbsp;<\/p>\n<div id='gallery-1' class='gallery galleryid-888  gallery-size-large'><div class='owl-carousel owl-carousel-multiple-carousel-style'\n\t\t\t\t\t\t\tdata-owl-navigation='true'\n\t\t\t\t\t\t\tdata-owl-slide-speed='300'\n\t\t\t\t\t\t\tdata-owl-autoplay='false'\n\t\t\t\t\t\t\tdata-owl-dots='false'\n\t\t\t\t\t\t\tdata-owl-dots-speed='300'\n\t\t\t\t\t\t\tdata-owl-items-xs='1'data-owl-items-sm='2'data-owl-items-md='3'data-owl-items-lg='3'data-owl-items-xl='3'\n\t\t\t\t\t\t><figure class='gallery-item'>\n\t\t\t\t<div class='gallery-icon landscape'>\n\t\t\t\t\t<a href='https:\/\/www.hotelantea.it\/wp-content\/uploads\/2019\/12\/Gallery-spiaggia-01-Hotel-Antea-Cervia.jpg' data-size=\"1200x900\"><img loading=\"lazy\" decoding=\"async\" width=\"1200\" height=\"900\" src=\"https:\/\/www.hotelantea.it\/wp-content\/uploads\/2019\/12\/Gallery-spiaggia-01-Hotel-Antea-Cervia.jpg\" class=\"attachment-large size-large\" alt=\"\" srcset=\"https:\/\/www.hotelantea.it\/wp-content\/uploads\/2019\/12\/Gallery-spiaggia-01-Hotel-Antea-Cervia.jpg 1200w, https:\/\/www.hotelantea.it\/wp-content\/uploads\/2019\/12\/Gallery-spiaggia-01-Hotel-Antea-Cervia-768x576.jpg 768w, https:\/\/www.hotelantea.it\/wp-content\/uploads\/2019\/12\/Gallery-spiaggia-01-Hotel-Antea-Cervia-57x43.jpg 57w, https:\/\/www.hotelantea.it\/wp-content\/uploads\/2019\/12\/Gallery-spiaggia-01-Hotel-Antea-Cervia-72x54.jpg 72w, https:\/\/www.hotelantea.it\/wp-content\/uploads\/2019\/12\/Gallery-spiaggia-01-Hotel-Antea-Cervia-114x86.jpg 114w, https:\/\/www.hotelantea.it\/wp-content\/uploads\/2019\/12\/Gallery-spiaggia-01-Hotel-Antea-Cervia-144x108.jpg 144w\" sizes=\"auto, (max-width: 1200px) 100vw, 1200px\" \/><\/a>\n\t\t\t\t<\/div><\/figure><figure class='gallery-item'>\n\t\t\t\t<div class='gallery-icon landscape'>\n\t\t\t\t\t<a href='https:\/\/www.hotelantea.it\/wp-content\/uploads\/2019\/12\/Gallery-spiaggia-02-Hotel-Antea-Cervia.jpg' data-size=\"1200x900\"><img loading=\"lazy\" decoding=\"async\" width=\"1200\" height=\"900\" src=\"https:\/\/www.hotelantea.it\/wp-content\/uploads\/2019\/12\/Gallery-spiaggia-02-Hotel-Antea-Cervia.jpg\" class=\"attachment-large size-large\" alt=\"\" srcset=\"https:\/\/www.hotelantea.it\/wp-content\/uploads\/2019\/12\/Gallery-spiaggia-02-Hotel-Antea-Cervia.jpg 1200w, https:\/\/www.hotelantea.it\/wp-content\/uploads\/2019\/12\/Gallery-spiaggia-02-Hotel-Antea-Cervia-768x576.jpg 768w, https:\/\/www.hotelantea.it\/wp-content\/uploads\/2019\/12\/Gallery-spiaggia-02-Hotel-Antea-Cervia-57x43.jpg 57w, https:\/\/www.hotelantea.it\/wp-content\/uploads\/2019\/12\/Gallery-spiaggia-02-Hotel-Antea-Cervia-72x54.jpg 72w, https:\/\/www.hotelantea.it\/wp-content\/uploads\/2019\/12\/Gallery-spiaggia-02-Hotel-Antea-Cervia-114x86.jpg 114w, https:\/\/www.hotelantea.it\/wp-content\/uploads\/2019\/12\/Gallery-spiaggia-02-Hotel-Antea-Cervia-144x108.jpg 144w\" sizes=\"auto, (max-width: 1200px) 100vw, 1200px\" \/><\/a>\n\t\t\t\t<\/div><\/figure><figure class='gallery-item'>\n\t\t\t\t<div class='gallery-icon landscape'>\n\t\t\t\t\t<a href='https:\/\/www.hotelantea.it\/wp-content\/uploads\/2019\/12\/Gallery-spiaggia-07-Hotel-Antea-Cervia.jpg' data-size=\"1200x900\"><img loading=\"lazy\" decoding=\"async\" width=\"1200\" height=\"900\" src=\"https:\/\/www.hotelantea.it\/wp-content\/uploads\/2019\/12\/Gallery-spiaggia-07-Hotel-Antea-Cervia.jpg\" class=\"attachment-large size-large\" alt=\"\" srcset=\"https:\/\/www.hotelantea.it\/wp-content\/uploads\/2019\/12\/Gallery-spiaggia-07-Hotel-Antea-Cervia.jpg 1200w, https:\/\/www.hotelantea.it\/wp-content\/uploads\/2019\/12\/Gallery-spiaggia-07-Hotel-Antea-Cervia-768x576.jpg 768w, https:\/\/www.hotelantea.it\/wp-content\/uploads\/2019\/12\/Gallery-spiaggia-07-Hotel-Antea-Cervia-57x43.jpg 57w, https:\/\/www.hotelantea.it\/wp-content\/uploads\/2019\/12\/Gallery-spiaggia-07-Hotel-Antea-Cervia-72x54.jpg 72w, https:\/\/www.hotelantea.it\/wp-content\/uploads\/2019\/12\/Gallery-spiaggia-07-Hotel-Antea-Cervia-114x86.jpg 114w, https:\/\/www.hotelantea.it\/wp-content\/uploads\/2019\/12\/Gallery-spiaggia-07-Hotel-Antea-Cervia-144x108.jpg 144w\" sizes=\"auto, (max-width: 1200px) 100vw, 1200px\" \/><\/a>\n\t\t\t\t<\/div><\/figure><figure class='gallery-item'>\n\t\t\t\t<div class='gallery-icon landscape'>\n\t\t\t\t\t<a href='https:\/\/www.hotelantea.it\/wp-content\/uploads\/2019\/12\/Gallery-spiaggia-04-Hotel-Antea-Cervia.jpg' data-size=\"1200x900\"><img loading=\"lazy\" decoding=\"async\" width=\"1200\" height=\"900\" src=\"https:\/\/www.hotelantea.it\/wp-content\/uploads\/2019\/12\/Gallery-spiaggia-04-Hotel-Antea-Cervia.jpg\" class=\"attachment-large size-large\" alt=\"\" srcset=\"https:\/\/www.hotelantea.it\/wp-content\/uploads\/2019\/12\/Gallery-spiaggia-04-Hotel-Antea-Cervia.jpg 1200w, https:\/\/www.hotelantea.it\/wp-content\/uploads\/2019\/12\/Gallery-spiaggia-04-Hotel-Antea-Cervia-768x576.jpg 768w, https:\/\/www.hotelantea.it\/wp-content\/uploads\/2019\/12\/Gallery-spiaggia-04-Hotel-Antea-Cervia-57x43.jpg 57w, https:\/\/www.hotelantea.it\/wp-content\/uploads\/2019\/12\/Gallery-spiaggia-04-Hotel-Antea-Cervia-72x54.jpg 72w, https:\/\/www.hotelantea.it\/wp-content\/uploads\/2019\/12\/Gallery-spiaggia-04-Hotel-Antea-Cervia-114x86.jpg 114w, https:\/\/www.hotelantea.it\/wp-content\/uploads\/2019\/12\/Gallery-spiaggia-04-Hotel-Antea-Cervia-144x108.jpg 144w\" sizes=\"auto, (max-width: 1200px) 100vw, 1200px\" \/><\/a>\n\t\t\t\t<\/div><\/figure><figure class='gallery-item'>\n\t\t\t\t<div class='gallery-icon landscape'>\n\t\t\t\t\t<a href='https:\/\/www.hotelantea.it\/wp-content\/uploads\/2019\/12\/Gallery-spiaggia-03-Hotel-Antea-Cervia.jpg' data-size=\"1200x900\"><img loading=\"lazy\" decoding=\"async\" width=\"1200\" height=\"900\" src=\"https:\/\/www.hotelantea.it\/wp-content\/uploads\/2019\/12\/Gallery-spiaggia-03-Hotel-Antea-Cervia.jpg\" class=\"attachment-large size-large\" alt=\"\" srcset=\"https:\/\/www.hotelantea.it\/wp-content\/uploads\/2019\/12\/Gallery-spiaggia-03-Hotel-Antea-Cervia.jpg 1200w, https:\/\/www.hotelantea.it\/wp-content\/uploads\/2019\/12\/Gallery-spiaggia-03-Hotel-Antea-Cervia-768x576.jpg 768w, https:\/\/www.hotelantea.it\/wp-content\/uploads\/2019\/12\/Gallery-spiaggia-03-Hotel-Antea-Cervia-57x43.jpg 57w, https:\/\/www.hotelantea.it\/wp-content\/uploads\/2019\/12\/Gallery-spiaggia-03-Hotel-Antea-Cervia-72x54.jpg 72w, https:\/\/www.hotelantea.it\/wp-content\/uploads\/2019\/12\/Gallery-spiaggia-03-Hotel-Antea-Cervia-114x86.jpg 114w, https:\/\/www.hotelantea.it\/wp-content\/uploads\/2019\/12\/Gallery-spiaggia-03-Hotel-Antea-Cervia-144x108.jpg 144w\" sizes=\"auto, (max-width: 1200px) 100vw, 1200px\" \/><\/a>\n\t\t\t\t<\/div><\/figure><figure class='gallery-item'>\n\t\t\t\t<div class='gallery-icon landscape'>\n\t\t\t\t\t<a href='https:\/\/www.hotelantea.it\/wp-content\/uploads\/2019\/12\/Gallery-spiaggia-05-Hotel-Antea-Cervia.jpg' data-size=\"1200x900\"><img loading=\"lazy\" decoding=\"async\" width=\"1200\" height=\"900\" src=\"https:\/\/www.hotelantea.it\/wp-content\/uploads\/2019\/12\/Gallery-spiaggia-05-Hotel-Antea-Cervia.jpg\" class=\"attachment-large size-large\" alt=\"\" srcset=\"https:\/\/www.hotelantea.it\/wp-content\/uploads\/2019\/12\/Gallery-spiaggia-05-Hotel-Antea-Cervia.jpg 1200w, https:\/\/www.hotelantea.it\/wp-content\/uploads\/2019\/12\/Gallery-spiaggia-05-Hotel-Antea-Cervia-768x576.jpg 768w, https:\/\/www.hotelantea.it\/wp-content\/uploads\/2019\/12\/Gallery-spiaggia-05-Hotel-Antea-Cervia-57x43.jpg 57w, https:\/\/www.hotelantea.it\/wp-content\/uploads\/2019\/12\/Gallery-spiaggia-05-Hotel-Antea-Cervia-72x54.jpg 72w, https:\/\/www.hotelantea.it\/wp-content\/uploads\/2019\/12\/Gallery-spiaggia-05-Hotel-Antea-Cervia-114x86.jpg 114w, https:\/\/www.hotelantea.it\/wp-content\/uploads\/2019\/12\/Gallery-spiaggia-05-Hotel-Antea-Cervia-144x108.jpg 144w\" sizes=\"auto, (max-width: 1200px) 100vw, 1200px\" \/><\/a>\n\t\t\t\t<\/div><\/figure><figure class='gallery-item'>\n\t\t\t\t<div class='gallery-icon landscape'>\n\t\t\t\t\t<a href='https:\/\/www.hotelantea.it\/wp-content\/uploads\/2019\/12\/Gallery-spiaggia-06-Hotel-Antea-Cervia.jpg' data-size=\"1200x900\"><img loading=\"lazy\" decoding=\"async\" width=\"1200\" height=\"900\" src=\"https:\/\/www.hotelantea.it\/wp-content\/uploads\/2019\/12\/Gallery-spiaggia-06-Hotel-Antea-Cervia.jpg\" class=\"attachment-large size-large\" alt=\"\" srcset=\"https:\/\/www.hotelantea.it\/wp-content\/uploads\/2019\/12\/Gallery-spiaggia-06-Hotel-Antea-Cervia.jpg 1200w, https:\/\/www.hotelantea.it\/wp-content\/uploads\/2019\/12\/Gallery-spiaggia-06-Hotel-Antea-Cervia-768x576.jpg 768w, https:\/\/www.hotelantea.it\/wp-content\/uploads\/2019\/12\/Gallery-spiaggia-06-Hotel-Antea-Cervia-57x43.jpg 57w, https:\/\/www.hotelantea.it\/wp-content\/uploads\/2019\/12\/Gallery-spiaggia-06-Hotel-Antea-Cervia-72x54.jpg 72w, https:\/\/www.hotelantea.it\/wp-content\/uploads\/2019\/12\/Gallery-spiaggia-06-Hotel-Antea-Cervia-114x86.jpg 114w, https:\/\/www.hotelantea.it\/wp-content\/uploads\/2019\/12\/Gallery-spiaggia-06-Hotel-Antea-Cervia-144x108.jpg 144w\" sizes=\"auto, (max-width: 1200px) 100vw, 1200px\" \/><\/a>\n\t\t\t\t<\/div><\/figure>\n\t\t\t<\/div>\n<\/div>\n\n","protected":false},"excerpt":{"rendered":"<p>Sur la plage priv\u00e9e\u00a0chaque chambre dispose d\u2019un parasol et deux petits lits de plage. Animation tous les jours pour adultes et enfants. En outre un espace de jeu pour les enfants, un espace pour beach volley, un bar bien fourni. Si vous d\u00e9sirez d\u00e9jeuner sur la plage sans rentrer en h\u00f4tel, vous pouvez le faire sans\u00a0co\u00fbts suppl\u00e9mentaires\u00a0ayant \u00e0 disposition un buffet froid de diff\u00e9rents types de salade, deux entr\u00e9es chaudes &#8230;<\/p>\n","protected":false},"author":1,"featured_media":0,"parent":0,"menu_order":0,"comment_status":"closed","ping_status":"closed","template":"","meta":{"_acf_changed":false},"class_list":["post-888","page","type-page","status-publish","hentry"],"acf":[],"_links":{"self":[{"href":"https:\/\/www.hotelantea.it\/fr\/wp-json\/wp\/v2\/pages\/888","targetHints":{"allow":["GET"]}}],"collection":[{"href":"https:\/\/www.hotelantea.it\/fr\/wp-json\/wp\/v2\/pages"}],"about":[{"href":"https:\/\/www.hotelantea.it\/fr\/wp-json\/wp\/v2\/types\/page"}],"author":[{"embeddable":true,"href":"https:\/\/www.hotelantea.it\/fr\/wp-json\/wp\/v2\/users\/1"}],"replies":[{"embeddable":true,"href":"https:\/\/www.hotelantea.it\/fr\/wp-json\/wp\/v2\/comments?post=888"}],"version-history":[{"count":0,"href":"https:\/\/www.hotelantea.it\/fr\/wp-json\/wp\/v2\/pages\/888\/revisions"}],"wp:attachment":[{"href":"https:\/\/www.hotelantea.it\/fr\/wp-json\/wp\/v2\/media?parent=888"}],"curies":[{"name":"wp","href":"https:\/\/api.w.org\/{rel}","templated":true}]}}